{"id":37,"date":"2026-01-14T10:04:53","date_gmt":"2026-01-14T10:04:53","guid":{"rendered":"https:\/\/sfsplatform.com\/index.php\/pages\/"},"modified":"2026-01-14T12:01:01","modified_gmt":"2026-01-14T12:01:01","slug":"pages","status":"publish","type":"page","link":"https:\/\/sfsplatform.com\/index.php\/pages\/","title":{"rendered":"Quienes Somos"},"content":{"rendered":"<p data-start=\"203\" data-end=\"468\"><strong data-start=\"203\" data-end=\"236\">Smart Footballer School (SFS)<\/strong> es una <strong data-start=\"244\" data-end=\"334\">empresa especializada en formaci\u00f3n, tecnificaci\u00f3n y desarrollo integral de futbolistas<\/strong>, creada con el objetivo de formar jugadores inteligentes dentro y fuera del campo y generar oportunidades reales a trav\u00e9s del f\u00fatbol.<\/p>\n<p data-start=\"470\" data-end=\"762\">Trabajamos con una <strong data-start=\"489\" data-end=\"511\">metodolog\u00eda propia<\/strong>, basada en el desarrollo <strong data-start=\"537\" data-end=\"574\">t\u00e9cnico, t\u00e1ctico, f\u00edsico y mental<\/strong>, adaptando los entrenamientos a la edad, nivel y objetivos de cada jugador. En SFS entendemos el f\u00fatbol como una herramienta de <strong data-start=\"703\" data-end=\"761\">educaci\u00f3n, crecimiento personal y proyecci\u00f3n deportiva<\/strong>.<\/p>\n<p data-start=\"764\" data-end=\"1071\">Nuestro equipo est\u00e1 formado por <strong data-start=\"796\" data-end=\"849\">profesionales del deporte y la preparaci\u00f3n f\u00edsica<\/strong>, con experiencia en entornos de alto rendimiento, academias, clubes y proyectos internacionales. Como empresa, ofrecemos soluciones completas tanto para jugadores como para <strong data-start=\"1023\" data-end=\"1070\">clubes, colegios e instituciones deportivas<\/strong>.<\/p>\n<hr data-start=\"1073\" data-end=\"1076\" \/>\n<h2 data-start=\"1078\" data-end=\"1100\"><strong data-start=\"1081\" data-end=\"1100\">Qu\u00e9 hemos hecho<\/strong><\/h2>\n<p data-start=\"1102\" data-end=\"1266\">A lo largo de nuestra trayectoria, <strong data-start=\"1137\" data-end=\"1164\">Smart Footballer School<\/strong> ha desarrollado proyectos de referencia a <strong data-start=\"1207\" data-end=\"1241\">nivel nacional e internacional<\/strong>, entre los que destacan:<\/p>\n<ul data-start=\"1268\" data-end=\"2120\">\n<li data-start=\"1268\" data-end=\"1373\">\n<p data-start=\"1270\" data-end=\"1373\">\u26bd <strong data-start=\"1272\" data-end=\"1321\">Programas de tecnificaci\u00f3n y alto rendimiento<\/strong> para futbolistas en diferentes etapas formativas.<\/p>\n<\/li>\n<li data-start=\"1374\" data-end=\"1488\">\n<p data-start=\"1376\" data-end=\"1488\">\ud83c\udfeb <strong data-start=\"1379\" data-end=\"1435\">Escuelas de f\u00fatbol y programas educativos-deportivos<\/strong> en colaboraci\u00f3n con colegios y entidades privadas.<\/p>\n<\/li>\n<li data-start=\"1489\" data-end=\"1624\">\n<p data-start=\"1491\" data-end=\"1624\">\ud83c\udf0d <strong data-start=\"1494\" data-end=\"1553\">Proyectos internacionales en Estados Unidos y Abu Dhabi<\/strong>, combinando formaci\u00f3n deportiva, competici\u00f3n y experiencia cultural.<\/p>\n<\/li>\n<li data-start=\"1625\" data-end=\"1750\">\n<p data-start=\"1627\" data-end=\"1750\">\ud83c\udfc6 <strong data-start=\"1630\" data-end=\"1702\">Organizaci\u00f3n de campus, ligas y torneos nacionales e internacionales<\/strong>, con participaci\u00f3n de m\u00e1s de <strong data-start=\"1732\" data-end=\"1747\">140 equipos<\/strong>.<\/p>\n<\/li>\n<li data-start=\"1751\" data-end=\"1896\">\n<p data-start=\"1753\" data-end=\"1896\">\ud83e\udd1d <strong data-start=\"1756\" data-end=\"1811\">Colaboraciones con clubes profesionales y academias<\/strong>, aportando preparaci\u00f3n f\u00edsica, an\u00e1lisis del rendimiento y planificaci\u00f3n deportiva.<\/p>\n<\/li>\n<li data-start=\"1897\" data-end=\"1994\">\n<p data-start=\"1899\" data-end=\"1994\">\ud83c\udfdf <strong data-start=\"1902\" data-end=\"1941\">Gesti\u00f3n de instalaciones deportivas<\/strong> y proyectos de desarrollo deportivo a largo plazo.<\/p>\n<\/li>\n<li data-start=\"1995\" data-end=\"2120\">\n<p data-start=\"1997\" data-end=\"2120\">\ud83d\udcca Implementaci\u00f3n de <strong data-start=\"2018\" data-end=\"2086\">herramientas profesionales de seguimiento y an\u00e1lisis del jugador<\/strong>, orientadas a la mejora continua.<\/p>\n<\/li>\n<\/ul>\n<hr data-start=\"2122\" data-end=\"2125\" \/>\n<h2 data-start=\"2127\" data-end=\"2148\"><strong data-start=\"2130\" data-end=\"2148\">Nuestra visi\u00f3n<\/strong><\/h2>\n<p data-start=\"2150\" data-end=\"2380\">En <strong data-start=\"2153\" data-end=\"2180\">Smart Footballer School<\/strong> creemos en el <strong data-start=\"2195\" data-end=\"2278\">talento trabajado, la formaci\u00f3n constante y la creaci\u00f3n de oportunidades reales<\/strong>. Apostamos por un modelo profesional, educativo y global, donde el jugador es el centro del proyecto.<\/p>\n<p data-start=\"2382\" data-end=\"2473\"><strong data-start=\"2382\" data-end=\"2409\">Smart Footballer School<\/strong><br data-start=\"2409\" data-end=\"2412\" \/><strong data-start=\"2412\" data-end=\"2473\">Formamos futbolistas inteligentes. Creamos oportunidades.<\/strong><\/p>\n","protected":false},"excerpt":{"rendered":"<p>Smart Footballer School (SFS) es una empresa especializada en formaci\u00f3n, tecnificaci\u00f3n y desarrollo integral de futbolistas, creada con el objetivo de formar jugadores inteligentes dentro y fuera del campo y generar oportunidades reales a trav\u00e9s del f\u00fatbol. Trabajamos con una metodolog\u00eda propia, basada en el desarrollo t\u00e9cnico, t\u00e1ctico, f\u00edsico y mental, adaptando los entrenamientos a [&hellip;]<\/p>\n","protected":false},"author":1,"featured_media":0,"parent":0,"menu_order":0,"comment_status":"closed","ping_status":"closed","template":"","meta":{"_acf_changed":false,"_regular_price":[],"currency_symbol":[],"footnotes":""},"class_list":["post-37","page","type-page","status-publish","hentry"],"acf":[],"post_slider_layout_featured_media_urls":{"thumbnail":"","post_slider_layout_landscape_large":"","post_slider_layout_portrait_large":"","post_slider_layout_square_large":"","post_slider_layout_landscape":"","post_slider_layout_portrait":"","post_slider_layout_square":"","full":""},"_links":{"self":[{"href":"https:\/\/sfsplatform.com\/index.php\/wp-json\/wp\/v2\/pages\/37","targetHints":{"allow":["GET"]}}],"collection":[{"href":"https:\/\/sfsplatform.com\/index.php\/wp-json\/wp\/v2\/pages"}],"about":[{"href":"https:\/\/sfsplatform.com\/index.php\/wp-json\/wp\/v2\/types\/page"}],"author":[{"embeddable":true,"href":"https:\/\/sfsplatform.com\/index.php\/wp-json\/wp\/v2\/users\/1"}],"replies":[{"embeddable":true,"href":"https:\/\/sfsplatform.com\/index.php\/wp-json\/wp\/v2\/comments?post=37"}],"version-history":[{"count":2,"href":"https:\/\/sfsplatform.com\/index.php\/wp-json\/wp\/v2\/pages\/37\/revisions"}],"predecessor-version":[{"id":179,"href":"https:\/\/sfsplatform.com\/index.php\/wp-json\/wp\/v2\/pages\/37\/revisions\/179"}],"wp:attachment":[{"href":"https:\/\/sfsplatform.com\/index.php\/wp-json\/wp\/v2\/media?parent=37"}],"curies":[{"name":"wp","href":"https:\/\/api.w.org\/{rel}","templated":true}]}}